{"id":223,"date":"2025-11-12T13:46:46","date_gmt":"2025-11-12T12:46:46","guid":{"rendered":"https:\/\/mubbar.seoagil.com\/?page_id=223"},"modified":"2026-02-26T13:25:33","modified_gmt":"2026-02-26T12:25:33","slug":"o-que-fazemos","status":"publish","type":"page","link":"https:\/\/mubbar.com\/pt\/que-hacemos\/","title":{"rendered":"O que fazemos?"},"content":{"rendered":"<h2 class=\"wp-block-heading\">TENS D\u00daVIDAS SOBRE COMO MOBILAR O TEU ESCRIT\u00d3RIO?<\/h2>\n\n<div class=\"wpb_text_column wpb_content_element\">\n<div class=\"wpb_wrapper\">\n<p>Na Mubbar somos especialistas na fabrica\u00e7\u00e3o e distribui\u00e7\u00e3o de mobili\u00e1rio de escrit\u00f3rio, contamos com\u00a0<b>os designs mais modernos<\/b>\u00a0e utilizamos\u00a0<b>materiais de alta qualidade<\/b>, o que garante uns excelentes\u00a0<b>acabamentos ao gosto do cliente<\/b>.<\/p>\n<\/div>\n<\/div>\n<ul class=\"square-bullets  roof-list-691481969e678\">\n<li><strong>Objetivo:\u00a0<\/strong>O nosso objetivo \u00e9 a satisfa\u00e7\u00e3o dos nossos clientes.<\/li>\n<li><strong>Qualidade:\u00a0<\/strong>Como fabricantes de m\u00f3veis de escrit\u00f3rio, utilizamos apenas mat\u00e9rias-primas de primeira qualidade para poder oferecer uma garantia de tr\u00eas anos nos m\u00f3veis e dois anos nas cadeiras.<\/li>\n<li><strong>Pre\u00e7o:\u00a0<\/strong>Direto da f\u00e1brica e com a melhor rela\u00e7\u00e3o qualidade\/pre\u00e7o.<\/li>\n<li><strong>Servi\u00e7o:\u00a0<\/strong>Distribuidores em toda a Espanha. Estamos perto de si com o melhor servi\u00e7o comercial e p\u00f3s-venda.<\/li>\n<li><strong>Adaptabilidade:\u00a0<\/strong>Um escrit\u00f3rio t\u00e9cnico profissional e eficiente permite-nos abordar todo o tipo de projeto, com m\u00f3veis de s\u00e9rie ou especiais e ajustar-nos \u00e0s exig\u00eancias da implementa\u00e7\u00e3o.<\/li>\n<li><strong>Garantia:\u00a0<\/strong>Contamos com garantia de 4 anos em todo o mobili\u00e1rio.<\/li>\n<\/ul>\n\n<figure class=\"wp-block-image size-large\"><img loading=\"lazy\" decoding=\"async\" width=\"1024\" height=\"724\" src=\"https:\/\/mubbar.com\/wp-content\/uploads\/2025\/11\/AO-1839-cam2g-1024x724.jpg\" alt class=\"wp-image-234\" srcset=\"\" sizes=\"auto, (max-width: 1024px) 100vw, 1024px\" data-srcset=\"\" \/><\/figure>\n\n<p>Temos uma experi\u00eancia acumulada de mais de 40 anos como fabricantes de m\u00f3veis de escrit\u00f3rio e como distribuidores. Fizemos uma sele\u00e7\u00e3o de mobili\u00e1rio e complementos adaptados \u00e0s necessidades atuais.<\/p>\n\n<figure class=\"wp-block-image size-full\"><img loading=\"lazy\" decoding=\"async\" width=\"48\" height=\"58\" src=\"https:\/\/mubbar.com\/wp-content\/uploads\/2025\/11\/image-6.webp\" alt class=\"wp-image-239\"><\/figure>\n\n<figure class=\"wp-block-image size-full\"><img loading=\"lazy\" decoding=\"async\" width=\"34\" height=\"34\" src=\"https:\/\/mubbar.com\/wp-content\/uploads\/2025\/11\/image-5.webp\" alt class=\"wp-image-240\"><\/figure>\n\n<p>Temos uma experi\u00eancia acumulada de mais de 40 anos como fabricantes de m\u00f3veis de escrit\u00f3rio e como distribuidores. Fizemos uma sele\u00e7\u00e3o de mobili\u00e1rio e complementos adaptados \u00e0s necessidades atuais.<\/p>","protected":false},"excerpt":{"rendered":"<p>\u00bfTIENES DUDAS SOBRE COMO AMUEBLAR TU OFICINA? En Mubbar somos especialistas en la fabricaci\u00f3n y distribuci\u00f3n de mobiliario de oficina, contamos con\u00a0los m\u00e1s modernos\u00a0dise\u00f1os\u00a0y utilizamos\u00a0materiales de alta calidad,\u00a0lo que garantiza\u00a0unos excelentes\u00a0acabados a gusto del cliente. Objetivo:\u00a0Nuestro objetivo es la satisfacci\u00f3n de nuestros clientes. Calidad:\u00a0Como fabricantes de muebles de oficina s\u00f3lo utilizamos materias primas de primera [&hellip;]<\/p>\n","protected":false},"author":1,"featured_media":0,"parent":0,"menu_order":0,"comment_status":"closed","ping_status":"closed","template":"","meta":{"_acf_changed":false,"footnotes":""},"class_list":["post-223","page","type-page","status-publish","hentry"],"acf":[],"_links":{"self":[{"href":"https:\/\/mubbar.com\/pt\/wp-json\/wp\/v2\/pages\/223","targetHints":{"allow":["GET"]}}],"collection":[{"href":"https:\/\/mubbar.com\/pt\/wp-json\/wp\/v2\/pages"}],"about":[{"href":"https:\/\/mubbar.com\/pt\/wp-json\/wp\/v2\/types\/page"}],"author":[{"embeddable":true,"href":"https:\/\/mubbar.com\/pt\/wp-json\/wp\/v2\/users\/1"}],"replies":[{"embeddable":true,"href":"https:\/\/mubbar.com\/pt\/wp-json\/wp\/v2\/comments?post=223"}],"version-history":[{"count":16,"href":"https:\/\/mubbar.com\/pt\/wp-json\/wp\/v2\/pages\/223\/revisions"}],"predecessor-version":[{"id":1017,"href":"https:\/\/mubbar.com\/pt\/wp-json\/wp\/v2\/pages\/223\/revisions\/1017"}],"wp:attachment":[{"href":"https:\/\/mubbar.com\/pt\/wp-json\/wp\/v2\/media?parent=223"}],"curies":[{"name":"wp","href":"https:\/\/api.w.org\/{rel}","templated":true}]}}