{"id":14,"date":"2025-11-12T07:30:47","date_gmt":"2025-11-12T07:30:47","guid":{"rendered":"https:\/\/mubbar.seoagil.com\/?page_id=14"},"modified":"2026-03-16T07:16:01","modified_gmt":"2026-03-16T06:16:01","slug":"home","status":"publish","type":"page","link":"https:\/\/mubbar.com\/pt\/","title":{"rendered":"casa"},"content":{"rendered":"<h2 class=\"wp-block-heading\">TENS D\u00daVIDAS SOBRE COMO MOBILAR O TEU ESCRIT\u00d3RIO?<\/h2>\n\n<h2 class=\"has-text-align-center wp-block-heading\">O NOSSO CAT\u00c1LOGO<\/h2>\n\n<h2 class=\"has-text-align-left wp-block-heading\">PARA MAIS INFORMA\u00c7\u00c3O DISPOMOS DE CAT\u00c1LOGOS PARA DOWNLOAD<\/h2>\n\n<figure class=\"wp-block-image size-full\"><a ><img loading=\"lazy\" decoding=\"async\" width=\"50\" height=\"54\" src=\"https:\/\/mubbar.com\/wp-content\/uploads\/2025\/11\/image-4.webp\" alt class=\"wp-image-142\"><\/a><\/figure>\n\n<figure class=\"wp-block-image size-full\"><a ><img loading=\"lazy\" decoding=\"async\" width=\"50\" height=\"54\" src=\"https:\/\/mubbar.com\/wp-content\/uploads\/2025\/11\/image-3.webp\" alt class=\"wp-image-141\"><\/a><\/figure>\n\n<figure class=\"wp-block-image size-full\"><a ><img loading=\"lazy\" decoding=\"async\" width=\"50\" height=\"54\" src=\"https:\/\/mubbar.com\/wp-content\/uploads\/2025\/11\/image-4.webp\" alt class=\"wp-image-142\"><\/a><\/figure>\n\n<figure class=\"wp-block-image size-full\"><a ><img loading=\"lazy\" decoding=\"async\" width=\"50\" height=\"54\" src=\"https:\/\/mubbar.com\/wp-content\/uploads\/2025\/11\/image-3.webp\" alt class=\"wp-image-141\"><\/a><\/figure>\n\n<figure class=\"wp-block-image size-full\"><a ><img loading=\"lazy\" decoding=\"async\" width=\"50\" height=\"54\" src=\"https:\/\/mubbar.com\/wp-content\/uploads\/2025\/11\/image-4.webp\" alt class=\"wp-image-142\"><\/a><\/figure>\n\n<figure class=\"wp-block-image size-full\"><a ><img loading=\"lazy\" decoding=\"async\" width=\"50\" height=\"54\" src=\"https:\/\/mubbar.com\/wp-content\/uploads\/2025\/11\/image-3.webp\" alt class=\"wp-image-141\"><\/a><\/figure>\n\n<h2 class=\"has-text-align-center wp-block-heading\">NOT\u00cdCIAS RECENTES<\/h2>\n\n<h2 class=\"wp-block-heading\">SE TIVERES ALGUMA D\u00daVIDA, N\u00c3O HESITES EM NOS CONSULTAR.<\/h2>\n\n<h3 class=\"wp-block-heading\">M\u00d3VEIS DE ESCRIT\u00d3RIO A PRE\u00c7O ECON\u00d3MICO<\/h3>\n\n<div class=\"wp-block-buttons is-layout-flex wp-block-buttons-is-layout-flex\"><div class=\"wp-block-button\"><a class=\"wp-block-button__link\">Contacto<\/a><\/div><\/div>","protected":false},"excerpt":{"rendered":"<p>TEM D\u00daVIDAS SOBRE COMO MOBILIAR O SEU ESCRIT\u00d3RIO? O NOSSO CAT\u00c1LOGO PARA MAIS INFORMA\u00c7\u00d5ES CONTAMOS COM CAT\u00c1LOGOS PARA DOWNLOAD NOT\u00cdCIAS RECENTES SE TIVER ALGUMA D\u00daVIDA, N\u00c3O HESITE EM NOS CONSULTAR M\u00d3VEIS DE ESCRIT\u00d3RIO A PRE\u00c7O ECON\u00d3MICO<\/p>","protected":false},"author":1,"featured_media":0,"parent":0,"menu_order":0,"comment_status":"closed","ping_status":"closed","template":"","meta":{"_acf_changed":false,"footnotes":""},"class_list":["post-14","page","type-page","status-publish","hentry"],"acf":[],"_links":{"self":[{"href":"https:\/\/mubbar.com\/pt\/wp-json\/wp\/v2\/pages\/14","targetHints":{"allow":["GET"]}}],"collection":[{"href":"https:\/\/mubbar.com\/pt\/wp-json\/wp\/v2\/pages"}],"about":[{"href":"https:\/\/mubbar.com\/pt\/wp-json\/wp\/v2\/types\/page"}],"author":[{"embeddable":true,"href":"https:\/\/mubbar.com\/pt\/wp-json\/wp\/v2\/users\/1"}],"replies":[{"embeddable":true,"href":"https:\/\/mubbar.com\/pt\/wp-json\/wp\/v2\/comments?post=14"}],"version-history":[{"count":88,"href":"https:\/\/mubbar.com\/pt\/wp-json\/wp\/v2\/pages\/14\/revisions"}],"predecessor-version":[{"id":1122,"href":"https:\/\/mubbar.com\/pt\/wp-json\/wp\/v2\/pages\/14\/revisions\/1122"}],"wp:attachment":[{"href":"https:\/\/mubbar.com\/pt\/wp-json\/wp\/v2\/media?parent=14"}],"curies":[{"name":"wp","href":"https:\/\/api.w.org\/{rel}","templated":true}]}}