{"id":223,"date":"2025-11-12T13:46:46","date_gmt":"2025-11-12T12:46:46","guid":{"rendered":"https:\/\/mubbar.seoagil.com\/?page_id=223"},"modified":"2026-02-26T13:25:33","modified_gmt":"2026-02-26T12:25:33","slug":"que-faisons-nous","status":"publish","type":"page","link":"https:\/\/mubbar.com\/fr\/que-hacemos\/","title":{"rendered":"Que faisons-nous ?"},"content":{"rendered":"<h2 class=\"wp-block-heading\">AS-TU DES QUESTIONS SUR LA FA\u00c7ON DE MEUBLER TON BUREAU ?<\/h2>\n\n<div class=\"wpb_text_column wpb_content_element\">\n<div class=\"wpb_wrapper\">\n<p>Chez Mubbar, nous sommes sp\u00e9cialis\u00e9s dans la fabrication et la distribution de mobilier de bureau, nous disposons de\u00a0<b>les designs les plus modernes<\/b>\u00a0et nous utilisons\u00a0<b>mat\u00e9riaux de haute qualit\u00e9<\/b>, ce qui garantit d'excellents\u00a0<b>finitions selon les pr\u00e9f\u00e9rences du client<\/b>.<\/p>\n<\/div>\n<\/div>\n<ul class=\"square-bullets  roof-list-691481969e678\">\n<li><strong>Objectif :\u00a0<\/strong>Notre objectif est la satisfaction de nos clients.<\/li>\n<li><strong>Qualit\u00e9 :\u00a0<\/strong>En tant que fabricants de meubles de bureau, nous n'utilisons que des mati\u00e8res premi\u00e8res de premi\u00e8re qualit\u00e9 afin de pouvoir offrir une garantie de trois ans sur le mobilier et de deux ans sur les chaises.<\/li>\n<li><strong>Prix :\u00a0<\/strong>Directement de l'usine et avec le meilleur rapport qualit\u00e9\/prix.<\/li>\n<li><strong>Service :\u00a0<\/strong>Distributeurs dans toute l'Espagne. Nous sommes proches de vous avec le meilleur service commercial et apr\u00e8s-vente.<\/li>\n<li><strong>Adaptabilit\u00e9 :\u00a0<\/strong>Un bureau technique professionnel et efficace nous permet d'aborder tout type de projet, avec des meubles standards ou sur mesure, et de nous adapter aux exigences de l'implantation.<\/li>\n<li><strong>Garantie :\u00a0<\/strong>Nous offrons une garantie de 4 ans sur tout le mobilier.<\/li>\n<\/ul>\n\n<figure class=\"wp-block-image size-large\"><img loading=\"lazy\" decoding=\"async\" width=\"1024\" height=\"724\" src=\"https:\/\/mubbar.com\/wp-content\/uploads\/2025\/11\/AO-1839-cam2g-1024x724.jpg\" alt class=\"wp-image-234\" srcset=\"https:\/\/mubbar.com\/wp-content\/uploads\/2025\/11\/AO-1839-cam2g-1024x724.jpg 1024w, https:\/\/mubbar.com\/wp-content\/uploads\/2025\/11\/AO-1839-cam2g-300x212.jpg 300w, https:\/\/mubbar.com\/wp-content\/uploads\/2025\/11\/AO-1839-cam2g-768x543.jpg 768w, https:\/\/mubbar.com\/wp-content\/uploads\/2025\/11\/AO-1839-cam2g.jpg 1500w\" sizes=\"auto, (max-width: 1024px) 100vw, 1024px\" \/><\/figure>\n\n<p>Nous avons une exp\u00e9rience accumul\u00e9e de plus de 40 ans en tant que fabricants de meubles de bureau et distributeurs. Nous avons fait une s\u00e9lection de mobilier et d'accessoires adapt\u00e9s aux besoins actuels.<\/p>\n\n<figure class=\"wp-block-image size-full\"><img loading=\"lazy\" decoding=\"async\" width=\"48\" height=\"58\" src=\"https:\/\/mubbar.com\/wp-content\/uploads\/2025\/11\/image-6.webp\" alt class=\"wp-image-239\"><\/figure>\n\n<figure class=\"wp-block-image size-full\"><img loading=\"lazy\" decoding=\"async\" width=\"34\" height=\"34\" src=\"https:\/\/mubbar.com\/wp-content\/uploads\/2025\/11\/image-5.webp\" alt class=\"wp-image-240\"><\/figure>\n\n<p>Nous avons une exp\u00e9rience accumul\u00e9e de plus de 40 ans en tant que fabricants de meubles de bureau et distributeurs. Nous avons fait une s\u00e9lection de mobilier et d'accessoires adapt\u00e9s aux besoins actuels.<\/p>","protected":false},"excerpt":{"rendered":"<p>\u00bfTIENES DUDAS SOBRE COMO AMUEBLAR TU OFICINA? En Mubbar somos especialistas en la fabricaci\u00f3n y distribuci\u00f3n de mobiliario de oficina, contamos con\u00a0los m\u00e1s modernos\u00a0dise\u00f1os\u00a0y utilizamos\u00a0materiales de alta calidad,\u00a0lo que garantiza\u00a0unos excelentes\u00a0acabados a gusto del cliente. Objetivo:\u00a0Nuestro objetivo es la satisfacci\u00f3n de nuestros clientes. Calidad:\u00a0Como fabricantes de muebles de oficina s\u00f3lo utilizamos materias primas de primera [&hellip;]<\/p>\n","protected":false},"author":1,"featured_media":0,"parent":0,"menu_order":0,"comment_status":"closed","ping_status":"closed","template":"","meta":{"_acf_changed":false,"footnotes":""},"class_list":["post-223","page","type-page","status-publish","hentry"],"acf":[],"_links":{"self":[{"href":"https:\/\/mubbar.com\/fr\/wp-json\/wp\/v2\/pages\/223","targetHints":{"allow":["GET"]}}],"collection":[{"href":"https:\/\/mubbar.com\/fr\/wp-json\/wp\/v2\/pages"}],"about":[{"href":"https:\/\/mubbar.com\/fr\/wp-json\/wp\/v2\/types\/page"}],"author":[{"embeddable":true,"href":"https:\/\/mubbar.com\/fr\/wp-json\/wp\/v2\/users\/1"}],"replies":[{"embeddable":true,"href":"https:\/\/mubbar.com\/fr\/wp-json\/wp\/v2\/comments?post=223"}],"version-history":[{"count":16,"href":"https:\/\/mubbar.com\/fr\/wp-json\/wp\/v2\/pages\/223\/revisions"}],"predecessor-version":[{"id":1017,"href":"https:\/\/mubbar.com\/fr\/wp-json\/wp\/v2\/pages\/223\/revisions\/1017"}],"wp:attachment":[{"href":"https:\/\/mubbar.com\/fr\/wp-json\/wp\/v2\/media?parent=223"}],"curies":[{"name":"wp","href":"https:\/\/api.w.org\/{rel}","templated":true}]}}