{"id":223,"date":"2025-11-12T13:46:46","date_gmt":"2025-11-12T12:46:46","guid":{"rendered":"https:\/\/mubbar.seoagil.com\/?page_id=223"},"modified":"2026-02-26T13:25:33","modified_gmt":"2026-02-26T12:25:33","slug":"que-fem","status":"publish","type":"page","link":"https:\/\/mubbar.com\/ca\/que-hacemos\/","title":{"rendered":"Qu\u00e8 fem?"},"content":{"rendered":"<h2 class=\"wp-block-heading\">TENS DUBTES SOBRE COM MOBLAR LA TEVA OFICINA?<\/h2>\n\n<div class=\"wpb_text_column wpb_content_element\">\n<div class=\"wpb_wrapper\">\n<p>A Mubbar som especialistes en la fabricaci\u00f3 i distribuci\u00f3 de mobiliari d'oficina, comptem amb\u00a0<b>els dissenys m\u00e9s moderns<\/b>\u00a0i utilitzem\u00a0<b>materials d'alta qualitat<\/b>, cosa que garanteix uns excel\u00b7lents\u00a0<b>acabats al gust del client<\/b>.<\/p>\n<\/div>\n<\/div>\n<ul class=\"square-bullets  roof-list-691481969e678\">\n<li><strong>Objectiu:\u00a0<\/strong>El nostre objectiu \u00e9s la satisfacci\u00f3 dels nostres clients.<\/li>\n<li><strong>Qualitat:\u00a0<\/strong>Com a fabricants de mobles d'oficina nom\u00e9s utilitzem mat\u00e8ries primeres de primera qualitat per poder oferir una garantia de tres anys en el mobiliari i dos anys en les cadires.<\/li>\n<li><strong>Preu:\u00a0<\/strong>Directe de f\u00e0brica i amb la millor relaci\u00f3 qualitat \/ preu.<\/li>\n<li><strong>Servei:\u00a0<\/strong>Distribu\u00efdors a tota Espanya. Som a prop vostre amb el millor servei comercial i de postvenda.<\/li>\n<li><strong>Adaptabilitat:\u00a0<\/strong>Una oficina t\u00e8cnica professional i eficient ens permet abordar tot tipus de projecte, amb mobles de s\u00e8rie o especials i ajustar-nos a les exig\u00e8ncies de la implantaci\u00f3.<\/li>\n<li><strong>Garantia:\u00a0<\/strong>Comptem amb garantia de 4 anys en tot el mobiliari<\/li>\n<\/ul>\n\n<figure class=\"wp-block-image size-large\"><img loading=\"lazy\" decoding=\"async\" width=\"1024\" height=\"724\" src=\"https:\/\/mubbar.com\/wp-content\/uploads\/2025\/11\/AO-1839-cam2g-1024x724.jpg\" alt class=\"wp-image-234\" srcset=\"https:\/\/mubbar.com\/wp-content\/uploads\/2025\/11\/AO-1839-cam2g-1024x724.jpg 1024w, https:\/\/mubbar.com\/wp-content\/uploads\/2025\/11\/AO-1839-cam2g-300x212.jpg 300w, https:\/\/mubbar.com\/wp-content\/uploads\/2025\/11\/AO-1839-cam2g-768x543.jpg 768w, https:\/\/mubbar.com\/wp-content\/uploads\/2025\/11\/AO-1839-cam2g.jpg 1500w\" sizes=\"auto, (max-width: 1024px) 100vw, 1024px\" \/><\/figure>\n\n<p>Tenim una experi\u00e8ncia acumulada de m\u00e9s de 40 anys com a fabricants de mobles d'oficina i com a distribu\u00efdors. Hem fet una selecci\u00f3 de mobiliari i complements adaptats a les necessitats actuals.<\/p>\n\n<figure class=\"wp-block-image size-full\"><img loading=\"lazy\" decoding=\"async\" width=\"48\" height=\"58\" src=\"https:\/\/mubbar.com\/wp-content\/uploads\/2025\/11\/image-6.webp\" alt class=\"wp-image-239\"><\/figure>\n\n<figure class=\"wp-block-image size-full\"><img loading=\"lazy\" decoding=\"async\" width=\"34\" height=\"34\" src=\"https:\/\/mubbar.com\/wp-content\/uploads\/2025\/11\/image-5.webp\" alt class=\"wp-image-240\"><\/figure>\n\n<p>Tenim una experi\u00e8ncia acumulada de m\u00e9s de 40 anys com a fabricants de mobles d'oficina i com a distribu\u00efdors. Hem fet una selecci\u00f3 de mobiliari i complements adaptats a les necessitats actuals.<\/p>","protected":false},"excerpt":{"rendered":"<p>\u00bfTIENES DUDAS SOBRE COMO AMUEBLAR TU OFICINA? En Mubbar somos especialistas en la fabricaci\u00f3n y distribuci\u00f3n de mobiliario de oficina, contamos con\u00a0los m\u00e1s modernos\u00a0dise\u00f1os\u00a0y utilizamos\u00a0materiales de alta calidad,\u00a0lo que garantiza\u00a0unos excelentes\u00a0acabados a gusto del cliente. Objetivo:\u00a0Nuestro objetivo es la satisfacci\u00f3n de nuestros clientes. Calidad:\u00a0Como fabricantes de muebles de oficina s\u00f3lo utilizamos materias primas de primera [&hellip;]<\/p>\n","protected":false},"author":1,"featured_media":0,"parent":0,"menu_order":0,"comment_status":"closed","ping_status":"closed","template":"","meta":{"_acf_changed":false,"footnotes":""},"class_list":["post-223","page","type-page","status-publish","hentry"],"acf":[],"_links":{"self":[{"href":"https:\/\/mubbar.com\/ca\/wp-json\/wp\/v2\/pages\/223","targetHints":{"allow":["GET"]}}],"collection":[{"href":"https:\/\/mubbar.com\/ca\/wp-json\/wp\/v2\/pages"}],"about":[{"href":"https:\/\/mubbar.com\/ca\/wp-json\/wp\/v2\/types\/page"}],"author":[{"embeddable":true,"href":"https:\/\/mubbar.com\/ca\/wp-json\/wp\/v2\/users\/1"}],"replies":[{"embeddable":true,"href":"https:\/\/mubbar.com\/ca\/wp-json\/wp\/v2\/comments?post=223"}],"version-history":[{"count":16,"href":"https:\/\/mubbar.com\/ca\/wp-json\/wp\/v2\/pages\/223\/revisions"}],"predecessor-version":[{"id":1017,"href":"https:\/\/mubbar.com\/ca\/wp-json\/wp\/v2\/pages\/223\/revisions\/1017"}],"wp:attachment":[{"href":"https:\/\/mubbar.com\/ca\/wp-json\/wp\/v2\/media?parent=223"}],"curies":[{"name":"wp","href":"https:\/\/api.w.org\/{rel}","templated":true}]}}