{"id":14,"date":"2025-11-12T07:30:47","date_gmt":"2025-11-12T07:30:47","guid":{"rendered":"https:\/\/mubbar.seoagil.com\/?page_id=14"},"modified":"2026-03-16T07:16:01","modified_gmt":"2026-03-16T06:16:01","slug":"home","status":"publish","type":"page","link":"https:\/\/mubbar.com\/ca\/","title":{"rendered":"inici"},"content":{"rendered":"<h2 class=\"wp-block-heading\">TENS DUBTES SOBRE COM MOBLAR LA TEVA OFICINA?<\/h2>\n\n<h2 class=\"has-text-align-center wp-block-heading\">EL NOSTRE CAT\u00c0LEG<\/h2>\n\n<h2 class=\"has-text-align-left wp-block-heading\">PARA M\u00c1S INFORMACI\u00d3N CONT\u00c1MOS CON CAT\u00c1LOGOS DESCARGABLES<\/h2>\n\n<figure class=\"wp-block-image size-full\"><a ><img loading=\"lazy\" decoding=\"async\" width=\"50\" height=\"54\" src=\"https:\/\/mubbar.com\/wp-content\/uploads\/2025\/11\/image-4.webp\" alt class=\"wp-image-142\"><\/a><\/figure>\n\n<figure class=\"wp-block-image size-full\"><a ><img loading=\"lazy\" decoding=\"async\" width=\"50\" height=\"54\" src=\"https:\/\/mubbar.com\/wp-content\/uploads\/2025\/11\/image-3.webp\" alt class=\"wp-image-141\"><\/a><\/figure>\n\n<figure class=\"wp-block-image size-full\"><a ><img loading=\"lazy\" decoding=\"async\" width=\"50\" height=\"54\" src=\"https:\/\/mubbar.com\/wp-content\/uploads\/2025\/11\/image-4.webp\" alt class=\"wp-image-142\"><\/a><\/figure>\n\n<figure class=\"wp-block-image size-full\"><a ><img loading=\"lazy\" decoding=\"async\" width=\"50\" height=\"54\" src=\"https:\/\/mubbar.com\/wp-content\/uploads\/2025\/11\/image-3.webp\" alt class=\"wp-image-141\"><\/a><\/figure>\n\n<figure class=\"wp-block-image size-full\"><a ><img loading=\"lazy\" decoding=\"async\" width=\"50\" height=\"54\" src=\"https:\/\/mubbar.com\/wp-content\/uploads\/2025\/11\/image-4.webp\" alt class=\"wp-image-142\"><\/a><\/figure>\n\n<figure class=\"wp-block-image size-full\"><a ><img loading=\"lazy\" decoding=\"async\" width=\"50\" height=\"54\" src=\"https:\/\/mubbar.com\/wp-content\/uploads\/2025\/11\/image-3.webp\" alt class=\"wp-image-141\"><\/a><\/figure>\n\n<h2 class=\"has-text-align-center wp-block-heading\">NOT\u00cdCIES RECENTS<\/h2>\n\n<h2 class=\"wp-block-heading\">SI TIENES ALGUN TIPO DE DUDA NO DUDES EN CONSULTARNOS<\/h2>\n\n<h3 class=\"wp-block-heading\">MUEBLES DE OFICINA A PRECIO ECONOMICO<\/h3>\n\n<div class=\"wp-block-buttons is-layout-flex wp-block-buttons-is-layout-flex\"><div class=\"wp-block-button\"><a class=\"wp-block-button__link\">Contacte<\/a><\/div><\/div>","protected":false},"excerpt":{"rendered":"<p>TENS DUBTES SOBRE COM MOBLAR LA TEVA OFICINA? EL NOSTRE CAT\u00c0LEG PER A M\u00c9S INFORMACI\u00d3 COMPTEM AMB CAT\u00c0LEGS DESCARREGABLES NOT\u00cdCIES RECENTS SI TENS ALGUN TIPUS DE DUBTE NO DUBTIS A CONSULTAR-NOS MOBLES D'OFICINA A PREU ECON\u00d2MIC<\/p>","protected":false},"author":1,"featured_media":0,"parent":0,"menu_order":0,"comment_status":"closed","ping_status":"closed","template":"","meta":{"_acf_changed":false,"footnotes":""},"class_list":["post-14","page","type-page","status-publish","hentry"],"acf":[],"_links":{"self":[{"href":"https:\/\/mubbar.com\/ca\/wp-json\/wp\/v2\/pages\/14","targetHints":{"allow":["GET"]}}],"collection":[{"href":"https:\/\/mubbar.com\/ca\/wp-json\/wp\/v2\/pages"}],"about":[{"href":"https:\/\/mubbar.com\/ca\/wp-json\/wp\/v2\/types\/page"}],"author":[{"embeddable":true,"href":"https:\/\/mubbar.com\/ca\/wp-json\/wp\/v2\/users\/1"}],"replies":[{"embeddable":true,"href":"https:\/\/mubbar.com\/ca\/wp-json\/wp\/v2\/comments?post=14"}],"version-history":[{"count":88,"href":"https:\/\/mubbar.com\/ca\/wp-json\/wp\/v2\/pages\/14\/revisions"}],"predecessor-version":[{"id":1122,"href":"https:\/\/mubbar.com\/ca\/wp-json\/wp\/v2\/pages\/14\/revisions\/1122"}],"wp:attachment":[{"href":"https:\/\/mubbar.com\/ca\/wp-json\/wp\/v2\/media?parent=14"}],"curies":[{"name":"wp","href":"https:\/\/api.w.org\/{rel}","templated":true}]}}